{"id":900,"date":"2022-05-18T00:44:57","date_gmt":"2022-05-17T23:44:57","guid":{"rendered":"https:\/\/dev.cordomonte.com\/produtos\/chaleco-acolchado-verde-con-logo-cor-do-monte\/"},"modified":"2022-05-19T03:38:38","modified_gmt":"2022-05-19T02:38:38","slug":"chaleco-acolchado-verde-con-logo-cor-do-monte","status":"publish","type":"product","link":"https:\/\/cordomonte.com\/es\/produtos\/chaleco-acolchado-verde-con-logo-cor-do-monte\/","title":{"rendered":"chaleco acolchado verde con logo Cor do Monte"},"content":{"rendered":"<p>+ Ligereza<\/p>\n<p>+ Comodidad<\/p>\n<p>+ Elegancia<\/p>\n<p>&nbsp;<\/p>\n<p>.Elegante chaleco acolchado verde con logo naranja en el pecho.<\/p>\n<p>.Ideal para usar en tus cacer\u00edas o en tu d\u00eda a d\u00eda.<\/p>\n<p>&nbsp;<\/p>\n<p>.Composici\u00f3n:\u00a0 50% Algod\u00f3n \/ 50% Poli\u00e9ster<\/p>\n","protected":false},"excerpt":{"rendered":"<p>+ Ligereza + Comodidad + Elegancia &nbsp; .Elegante chaleco acolchado verde con logo naranja en el pecho. .Ideal para usar en tus cacer\u00edas o en tu d\u00eda a d\u00eda. &nbsp; .Composici\u00f3n:\u00a0 50% Algod\u00f3n \/ 50% Poli\u00e9ster<\/p>\n","protected":false},"featured_media":885,"comment_status":"open","ping_status":"closed","template":"","meta":{"_monsterinsights_skip_tracking":false,"_monsterinsights_sitenote_active":false,"_monsterinsights_sitenote_note":"","_monsterinsights_sitenote_category":0},"product_cat":[85],"product_tag":[],"yoast_head":"<!-- This site is optimized with the Yoast SEO plugin v19.10 - https:\/\/yoast.com\/wordpress\/plugins\/seo\/ -->\n<title>chaleco acolchado verde con logo Cor do Monte - Cor do Monte<\/title>\n<meta name=\"robots\" content=\"index, follow, max-snippet:-1, max-image-preview:large, max-video-preview:-1\" \/>\n<link rel=\"canonical\" href=\"https:\/\/cordomonte.com\/es\/produtos\/chaleco-acolchado-verde-con-logo-cor-do-monte\/\" \/>\n<meta property=\"og:locale\" content=\"es_ES\" \/>\n<meta property=\"og:type\" content=\"article\" \/>\n<meta property=\"og:title\" content=\"chaleco acolchado verde con logo Cor do Monte - Cor do Monte\" \/>\n<meta property=\"og:description\" content=\"+ Ligereza + Comodidad + Elegancia &nbsp; .Elegante chaleco acolchado verde con logo naranja en el pecho. .Ideal para usar en tus cacer\u00edas o en tu d\u00eda a d\u00eda. &nbsp; .Composici\u00f3n:\u00a0 50% Algod\u00f3n \/ 50% Poli\u00e9ster\" \/>\n<meta property=\"og:url\" content=\"https:\/\/cordomonte.com\/es\/produtos\/chaleco-acolchado-verde-con-logo-cor-do-monte\/\" \/>\n<meta property=\"og:site_name\" content=\"Cor do Monte\" \/>\n<meta property=\"article:modified_time\" content=\"2022-05-19T02:38:38+00:00\" \/>\n<meta property=\"og:image\" content=\"https:\/\/cordomonte.com\/wp-content\/uploads\/2022\/05\/Casaco-3_Front_Cor-do-monte.jpg\" \/>\n\t<meta property=\"og:image:width\" content=\"1960\" \/>\n\t<meta property=\"og:image:height\" content=\"2288\" \/>\n\t<meta property=\"og:image:type\" content=\"image\/jpeg\" \/>\n<meta name=\"twitter:card\" content=\"summary_large_image\" \/>\n<script type=\"application\/ld+json\" class=\"yoast-schema-graph\">{\"@context\":\"https:\/\/schema.org\",\"@graph\":[{\"@type\":\"WebPage\",\"@id\":\"https:\/\/cordomonte.com\/es\/produtos\/chaleco-acolchado-verde-con-logo-cor-do-monte\/\",\"url\":\"https:\/\/cordomonte.com\/es\/produtos\/chaleco-acolchado-verde-con-logo-cor-do-monte\/\",\"name\":\"chaleco acolchado verde con logo Cor do Monte - Cor do Monte\",\"isPartOf\":{\"@id\":\"https:\/\/cordomonte.com\/#website\"},\"datePublished\":\"2022-05-17T23:44:57+00:00\",\"dateModified\":\"2022-05-19T02:38:38+00:00\",\"breadcrumb\":{\"@id\":\"https:\/\/cordomonte.com\/es\/produtos\/chaleco-acolchado-verde-con-logo-cor-do-monte\/#breadcrumb\"},\"inLanguage\":\"es\",\"potentialAction\":[{\"@type\":\"ReadAction\",\"target\":[\"https:\/\/cordomonte.com\/es\/produtos\/chaleco-acolchado-verde-con-logo-cor-do-monte\/\"]}]},{\"@type\":\"BreadcrumbList\",\"@id\":\"https:\/\/cordomonte.com\/es\/produtos\/chaleco-acolchado-verde-con-logo-cor-do-monte\/#breadcrumb\",\"itemListElement\":[{\"@type\":\"ListItem\",\"position\":1,\"name\":\"In\u00edcio\",\"item\":\"https:\/\/cordomonte.com\/es\/\"},{\"@type\":\"ListItem\",\"position\":2,\"name\":\"Tienda\",\"item\":\"https:\/\/cordomonte.com\/es\/tienda\/\"},{\"@type\":\"ListItem\",\"position\":3,\"name\":\"chaleco acolchado verde con logo Cor do Monte\"}]},{\"@type\":\"WebSite\",\"@id\":\"https:\/\/cordomonte.com\/#website\",\"url\":\"https:\/\/cordomonte.com\/\",\"name\":\"Cor do Monte\",\"description\":\"Vestu\u00e1rio de Ca\u00e7a\",\"publisher\":{\"@id\":\"https:\/\/cordomonte.com\/#organization\"},\"potentialAction\":[{\"@type\":\"SearchAction\",\"target\":{\"@type\":\"EntryPoint\",\"urlTemplate\":\"https:\/\/cordomonte.com\/?s={search_term_string}\"},\"query-input\":\"required name=search_term_string\"}],\"inLanguage\":\"es\"},{\"@type\":\"Organization\",\"@id\":\"https:\/\/cordomonte.com\/#organization\",\"name\":\"Cor do Monte\",\"url\":\"https:\/\/cordomonte.com\/\",\"logo\":{\"@type\":\"ImageObject\",\"inLanguage\":\"es\",\"@id\":\"https:\/\/cordomonte.com\/#\/schema\/logo\/image\/\",\"url\":\"https:\/\/cordomonte.com\/wp-content\/uploads\/2020\/08\/logo-e1598863345149.png\",\"contentUrl\":\"https:\/\/cordomonte.com\/wp-content\/uploads\/2020\/08\/logo-e1598863345149.png\",\"width\":500,\"height\":195,\"caption\":\"Cor do Monte\"},\"image\":{\"@id\":\"https:\/\/cordomonte.com\/#\/schema\/logo\/image\/\"}}]}<\/script>\n<!-- \/ Yoast SEO plugin. -->","yoast_head_json":{"title":"chaleco acolchado verde con logo Cor do Monte - Cor do Monte","robots":{"index":"index","follow":"follow","max-snippet":"max-snippet:-1","max-image-preview":"max-image-preview:large","max-video-preview":"max-video-preview:-1"},"canonical":"https:\/\/cordomonte.com\/es\/produtos\/chaleco-acolchado-verde-con-logo-cor-do-monte\/","og_locale":"es_ES","og_type":"article","og_title":"chaleco acolchado verde con logo Cor do Monte - Cor do Monte","og_description":"+ Ligereza + Comodidad + Elegancia &nbsp; .Elegante chaleco acolchado verde con logo naranja en el pecho. .Ideal para usar en tus cacer\u00edas o en tu d\u00eda a d\u00eda. &nbsp; .Composici\u00f3n:\u00a0 50% Algod\u00f3n \/ 50% Poli\u00e9ster","og_url":"https:\/\/cordomonte.com\/es\/produtos\/chaleco-acolchado-verde-con-logo-cor-do-monte\/","og_site_name":"Cor do Monte","article_modified_time":"2022-05-19T02:38:38+00:00","og_image":[{"width":1960,"height":2288,"url":"https:\/\/cordomonte.com\/wp-content\/uploads\/2022\/05\/Casaco-3_Front_Cor-do-monte.jpg","type":"image\/jpeg"}],"twitter_card":"summary_large_image","schema":{"@context":"https:\/\/schema.org","@graph":[{"@type":"WebPage","@id":"https:\/\/cordomonte.com\/es\/produtos\/chaleco-acolchado-verde-con-logo-cor-do-monte\/","url":"https:\/\/cordomonte.com\/es\/produtos\/chaleco-acolchado-verde-con-logo-cor-do-monte\/","name":"chaleco acolchado verde con logo Cor do Monte - Cor do Monte","isPartOf":{"@id":"https:\/\/cordomonte.com\/#website"},"datePublished":"2022-05-17T23:44:57+00:00","dateModified":"2022-05-19T02:38:38+00:00","breadcrumb":{"@id":"https:\/\/cordomonte.com\/es\/produtos\/chaleco-acolchado-verde-con-logo-cor-do-monte\/#breadcrumb"},"inLanguage":"es","potentialAction":[{"@type":"ReadAction","target":["https:\/\/cordomonte.com\/es\/produtos\/chaleco-acolchado-verde-con-logo-cor-do-monte\/"]}]},{"@type":"BreadcrumbList","@id":"https:\/\/cordomonte.com\/es\/produtos\/chaleco-acolchado-verde-con-logo-cor-do-monte\/#breadcrumb","itemListElement":[{"@type":"ListItem","position":1,"name":"In\u00edcio","item":"https:\/\/cordomonte.com\/es\/"},{"@type":"ListItem","position":2,"name":"Tienda","item":"https:\/\/cordomonte.com\/es\/tienda\/"},{"@type":"ListItem","position":3,"name":"chaleco acolchado verde con logo Cor do Monte"}]},{"@type":"WebSite","@id":"https:\/\/cordomonte.com\/#website","url":"https:\/\/cordomonte.com\/","name":"Cor do Monte","description":"Vestu\u00e1rio de Ca\u00e7a","publisher":{"@id":"https:\/\/cordomonte.com\/#organization"},"potentialAction":[{"@type":"SearchAction","target":{"@type":"EntryPoint","urlTemplate":"https:\/\/cordomonte.com\/?s={search_term_string}"},"query-input":"required name=search_term_string"}],"inLanguage":"es"},{"@type":"Organization","@id":"https:\/\/cordomonte.com\/#organization","name":"Cor do Monte","url":"https:\/\/cordomonte.com\/","logo":{"@type":"ImageObject","inLanguage":"es","@id":"https:\/\/cordomonte.com\/#\/schema\/logo\/image\/","url":"https:\/\/cordomonte.com\/wp-content\/uploads\/2020\/08\/logo-e1598863345149.png","contentUrl":"https:\/\/cordomonte.com\/wp-content\/uploads\/2020\/08\/logo-e1598863345149.png","width":500,"height":195,"caption":"Cor do Monte"},"image":{"@id":"https:\/\/cordomonte.com\/#\/schema\/logo\/image\/"}}]}},"_links":{"self":[{"href":"https:\/\/cordomonte.com\/es\/wp-json\/wp\/v2\/product\/900"}],"collection":[{"href":"https:\/\/cordomonte.com\/es\/wp-json\/wp\/v2\/product"}],"about":[{"href":"https:\/\/cordomonte.com\/es\/wp-json\/wp\/v2\/types\/product"}],"replies":[{"embeddable":true,"href":"https:\/\/cordomonte.com\/es\/wp-json\/wp\/v2\/comments?post=900"}],"wp:featuredmedia":[{"embeddable":true,"href":"https:\/\/cordomonte.com\/es\/wp-json\/wp\/v2\/media\/885"}],"wp:attachment":[{"href":"https:\/\/cordomonte.com\/es\/wp-json\/wp\/v2\/media?parent=900"}],"wp:term":[{"taxonomy":"product_cat","embeddable":true,"href":"https:\/\/cordomonte.com\/es\/wp-json\/wp\/v2\/product_cat?post=900"},{"taxonomy":"product_tag","embeddable":true,"href":"https:\/\/cordomonte.com\/es\/wp-json\/wp\/v2\/product_tag?post=900"}],"curies":[{"name":"wp","href":"https:\/\/api.w.org\/{rel}","templated":true}]}}