{"id":627,"date":"2020-08-29T17:49:48","date_gmt":"2020-08-29T17:49:48","guid":{"rendered":"https:\/\/dev.cordomonte.com\/contactos\/"},"modified":"2022-06-21T15:06:31","modified_gmt":"2022-06-21T14:06:31","slug":"contacts","status":"publish","type":"page","link":"https:\/\/cordomonte.com\/fr\/contacts\/","title":{"rendered":"Contacts"},"content":{"rendered":"\n<div class=\"is-layout-flow wp-block-group alignfull\"><div class=\"wp-block-group__inner-container\">\n<iframe src=\"https:\/\/www.google.com\/maps\/embed?pb=!1m18!1m12!1m3!1d33725.766615718785!2d-8.611853969360522!3d41.65650287345216!2m3!1f0!2f0!3f0!3m2!1i1024!2i768!4f13.1!3m3!1m2!1s0xd25ad537be0120f%3A0xea44e3f447299a92!2sUni%C3%A3o%20das%20Freguesias%20de%20Ardeg%C3%A3o%2C%20Freixo%20e%20Mato!5e0!3m2!1spt-PT!2spt!4v1652522229080!5m2!1spt-PT!2spt\" width=\"100%\" height=\"500\" style=\"border:0;\" allowfullscreen=\"\" loading=\"lazy\" referrerpolicy=\"no-referrer-when-downgrade\"><\/iframe>\n<\/div><\/div>\n\n\n\n<div class=\"is-layout-flex wp-container-4 wp-block-columns\">\n<div class=\"is-layout-flow wp-block-column pt pb contactos\" style=\"flex-basis:33.33%\">\n<h2>Contacts<\/h2>\n\n\n\n<h4>M\u00e9nage<\/h4>\n\n\n\n<p>Ardeg\u00e3o, Freixo e Mato<\/p>\n\n\n\n<p>Ponte de Lima<\/p>\n\n\n\n<p>Viana do Castelo<\/p>\n\n\n\n<h4>Email<\/h4>\n\n\n\n<p><a href=\"mailto:geral@cordomonte.com\">geral@cordomonte.com<\/a><\/p>\n<\/div>\n\n\n\n<div class=\"is-layout-flow wp-block-column pt\" style=\"flex-basis:66.66%\">\n<h2>Formulaire de contact<\/h2>\n\n\n\n<p>Pour toute question ou clarification, veuillez remplir le formulaire suivant et nous vous contacterons sous peu.<\/p>\n\n\n<div class=\"wpforms-container wpforms-container-full\" id=\"wpforms-490\"><form id=\"wpforms-form-490\" class=\"wpforms-validate wpforms-form\" data-formid=\"490\" method=\"post\" enctype=\"multipart\/form-data\" action=\"\/fr\/wp-json\/wp\/v2\/pages\/627\" data-token=\"24f62acd6b57f6a16e23f3b3f7994825\"><noscript class=\"wpforms-error-noscript\">Veuillez activer JavaScript dans votre navigateur pour remplir ce formulaire.<\/noscript><div class=\"wpforms-field-container\"><div id=\"wpforms-490-field_2-container\" class=\"wpforms-field wpforms-field-name wpforms-one-half wpforms-first wpforms-mobile-full\" data-field-id=\"2\"><label class=\"wpforms-field-label\" for=\"wpforms-490-field_2\">Nom <span class=\"wpforms-required-label\">*<\/span><\/label><input type=\"text\" id=\"wpforms-490-field_2\" class=\"wpforms-field-large wpforms-field-required\" name=\"wpforms[fields][2]\" required><\/div><div id=\"wpforms-490-field_4-container\" class=\"wpforms-field wpforms-field-email wpforms-one-half wpforms-mobile-full\" data-field-id=\"4\"><label class=\"wpforms-field-label\" for=\"wpforms-490-field_4\">Email <span class=\"wpforms-required-label\">*<\/span><\/label><input type=\"email\" id=\"wpforms-490-field_4\" class=\"wpforms-field-large wpforms-field-required\" name=\"wpforms[fields][4]\" required><\/div><div id=\"wpforms-490-field_1-container\" class=\"wpforms-field wpforms-field-text wpforms-one-half wpforms-first wpforms-mobile-full\" data-field-id=\"1\"><label class=\"wpforms-field-label\" for=\"wpforms-490-field_1\">T\u00e9l\u00e9phone<\/label><input type=\"text\" id=\"wpforms-490-field_1\" class=\"wpforms-field-large\" name=\"wpforms[fields][1]\" ><\/div><div id=\"wpforms-490-field_5-container\" class=\"wpforms-field wpforms-field-text wpforms-one-half wpforms-mobile-full\" data-field-id=\"5\"><label class=\"wpforms-field-label\" for=\"wpforms-490-field_5\">Mati\u00e8re<\/label><input type=\"text\" id=\"wpforms-490-field_5\" class=\"wpforms-field-large\" name=\"wpforms[fields][5]\" ><\/div><div id=\"wpforms-490-field_6-container\" class=\"wpforms-field wpforms-field-textarea\" data-field-id=\"6\"><label class=\"wpforms-field-label\" for=\"wpforms-490-field_6\">Message<\/label><textarea id=\"wpforms-490-field_6\" class=\"wpforms-field-large\" name=\"wpforms[fields][6]\" ><\/textarea><\/div><div id=\"wpforms-490-field_7-container\" class=\"wpforms-field wpforms-field-gdpr-checkbox\" data-field-id=\"7\"><label class=\"wpforms-field-label wpforms-label-hide\" for=\"wpforms-490-field_7\">GDPR Agreement <span class=\"wpforms-required-label\">*<\/span><\/label><ul id=\"wpforms-490-field_7\" class=\"wpforms-field-required\"><li class=\"choice-1\"><input type=\"checkbox\" id=\"wpforms-490-field_7_1\" name=\"wpforms[fields][7][]\" value=\"J&#039;autorise ce site \u00e0 stocker mes informations soumises afin qu&#039;ils puissent r\u00e9pondre \u00e0 ma demande.\" required ><label class=\"wpforms-field-label-inline\" for=\"wpforms-490-field_7_1\">J'autorise ce site \u00e0 stocker mes informations soumises afin qu'ils puissent r\u00e9pondre \u00e0 ma demande. <span class=\"wpforms-required-label\">*<\/span><\/label><\/li><\/ul><\/div><\/div><div class=\"wpforms-submit-container\"><input type=\"hidden\" name=\"wpforms[id]\" value=\"490\"><input type=\"hidden\" name=\"wpforms[author]\" value=\"3\"><button type=\"submit\" name=\"wpforms[submit]\" id=\"wpforms-submit-490\" class=\"wpforms-submit\" data-alt-text=\"Envoi en cours...\" data-submit-text=\"Soumettre\" aria-live=\"assertive\" value=\"wpforms-submit\">Soumettre<\/button><\/div><\/form><\/div>  <!-- .wpforms-container --><\/div>\n<\/div>\n","protected":false},"excerpt":{"rendered":"<p>Contacts M\u00e9nage Ardeg\u00e3o, Freixo e Mato Ponte de Lima Viana do Castelo Email geral@cordomonte.com Formulaire de contact Pour toute question ou clarification, veuillez remplir le formulaire suivant et nous vous contacterons sous peu.<\/p>\n","protected":false},"author":3,"featured_media":0,"parent":0,"menu_order":4,"comment_status":"closed","ping_status":"closed","template":"page-notitle.php","meta":{"_monsterinsights_skip_tracking":false,"_monsterinsights_sitenote_active":false,"_monsterinsights_sitenote_note":"","_monsterinsights_sitenote_category":0},"yoast_head":"<!-- This site is optimized with the Yoast SEO plugin v19.10 - https:\/\/yoast.com\/wordpress\/plugins\/seo\/ -->\n<title>Contacts - Cor do Monte<\/title>\n<meta name=\"robots\" content=\"index, follow, max-snippet:-1, max-image-preview:large, max-video-preview:-1\" \/>\n<link rel=\"canonical\" href=\"https:\/\/cordomonte.com\/fr\/contacts\/\" \/>\n<meta property=\"og:locale\" content=\"fr_FR\" \/>\n<meta property=\"og:type\" content=\"article\" \/>\n<meta property=\"og:title\" content=\"Contacts - Cor do Monte\" \/>\n<meta property=\"og:description\" content=\"Contacts M\u00e9nage Ardeg\u00e3o, Freixo e Mato Ponte de Lima Viana do Castelo Email geral@cordomonte.com Formulaire de contact Pour toute question ou clarification, veuillez remplir le formulaire suivant et nous vous contacterons sous peu.\" \/>\n<meta property=\"og:url\" content=\"https:\/\/cordomonte.com\/fr\/contacts\/\" \/>\n<meta property=\"og:site_name\" content=\"Cor do Monte\" \/>\n<meta property=\"article:modified_time\" content=\"2022-06-21T14:06:31+00:00\" \/>\n<meta name=\"twitter:card\" content=\"summary_large_image\" \/>\n<script type=\"application\/ld+json\" class=\"yoast-schema-graph\">{\"@context\":\"https:\/\/schema.org\",\"@graph\":[{\"@type\":\"WebPage\",\"@id\":\"https:\/\/cordomonte.com\/fr\/contacts\/\",\"url\":\"https:\/\/cordomonte.com\/fr\/contacts\/\",\"name\":\"Contacts - Cor do Monte\",\"isPartOf\":{\"@id\":\"https:\/\/cordomonte.com\/#website\"},\"datePublished\":\"2020-08-29T17:49:48+00:00\",\"dateModified\":\"2022-06-21T14:06:31+00:00\",\"breadcrumb\":{\"@id\":\"https:\/\/cordomonte.com\/fr\/contacts\/#breadcrumb\"},\"inLanguage\":\"fr-FR\",\"potentialAction\":[{\"@type\":\"ReadAction\",\"target\":[\"https:\/\/cordomonte.com\/fr\/contacts\/\"]}]},{\"@type\":\"BreadcrumbList\",\"@id\":\"https:\/\/cordomonte.com\/fr\/contacts\/#breadcrumb\",\"itemListElement\":[{\"@type\":\"ListItem\",\"position\":1,\"name\":\"In\u00edcio\",\"item\":\"https:\/\/cordomonte.com\/fr\/\"},{\"@type\":\"ListItem\",\"position\":2,\"name\":\"Contacts\"}]},{\"@type\":\"WebSite\",\"@id\":\"https:\/\/cordomonte.com\/#website\",\"url\":\"https:\/\/cordomonte.com\/\",\"name\":\"Cor do Monte\",\"description\":\"Vestu\u00e1rio de Ca\u00e7a\",\"publisher\":{\"@id\":\"https:\/\/cordomonte.com\/#organization\"},\"potentialAction\":[{\"@type\":\"SearchAction\",\"target\":{\"@type\":\"EntryPoint\",\"urlTemplate\":\"https:\/\/cordomonte.com\/?s={search_term_string}\"},\"query-input\":\"required name=search_term_string\"}],\"inLanguage\":\"fr-FR\"},{\"@type\":\"Organization\",\"@id\":\"https:\/\/cordomonte.com\/#organization\",\"name\":\"Cor do Monte\",\"url\":\"https:\/\/cordomonte.com\/\",\"logo\":{\"@type\":\"ImageObject\",\"inLanguage\":\"fr-FR\",\"@id\":\"https:\/\/cordomonte.com\/#\/schema\/logo\/image\/\",\"url\":\"https:\/\/cordomonte.com\/wp-content\/uploads\/2020\/08\/logo-e1598863345149.png\",\"contentUrl\":\"https:\/\/cordomonte.com\/wp-content\/uploads\/2020\/08\/logo-e1598863345149.png\",\"width\":500,\"height\":195,\"caption\":\"Cor do Monte\"},\"image\":{\"@id\":\"https:\/\/cordomonte.com\/#\/schema\/logo\/image\/\"}}]}<\/script>\n<!-- \/ Yoast SEO plugin. -->","yoast_head_json":{"title":"Contacts - Cor do Monte","robots":{"index":"index","follow":"follow","max-snippet":"max-snippet:-1","max-image-preview":"max-image-preview:large","max-video-preview":"max-video-preview:-1"},"canonical":"https:\/\/cordomonte.com\/fr\/contacts\/","og_locale":"fr_FR","og_type":"article","og_title":"Contacts - Cor do Monte","og_description":"Contacts M\u00e9nage Ardeg\u00e3o, Freixo e Mato Ponte de Lima Viana do Castelo Email geral@cordomonte.com Formulaire de contact Pour toute question ou clarification, veuillez remplir le formulaire suivant et nous vous contacterons sous peu.","og_url":"https:\/\/cordomonte.com\/fr\/contacts\/","og_site_name":"Cor do Monte","article_modified_time":"2022-06-21T14:06:31+00:00","twitter_card":"summary_large_image","schema":{"@context":"https:\/\/schema.org","@graph":[{"@type":"WebPage","@id":"https:\/\/cordomonte.com\/fr\/contacts\/","url":"https:\/\/cordomonte.com\/fr\/contacts\/","name":"Contacts - Cor do Monte","isPartOf":{"@id":"https:\/\/cordomonte.com\/#website"},"datePublished":"2020-08-29T17:49:48+00:00","dateModified":"2022-06-21T14:06:31+00:00","breadcrumb":{"@id":"https:\/\/cordomonte.com\/fr\/contacts\/#breadcrumb"},"inLanguage":"fr-FR","potentialAction":[{"@type":"ReadAction","target":["https:\/\/cordomonte.com\/fr\/contacts\/"]}]},{"@type":"BreadcrumbList","@id":"https:\/\/cordomonte.com\/fr\/contacts\/#breadcrumb","itemListElement":[{"@type":"ListItem","position":1,"name":"In\u00edcio","item":"https:\/\/cordomonte.com\/fr\/"},{"@type":"ListItem","position":2,"name":"Contacts"}]},{"@type":"WebSite","@id":"https:\/\/cordomonte.com\/#website","url":"https:\/\/cordomonte.com\/","name":"Cor do Monte","description":"Vestu\u00e1rio de Ca\u00e7a","publisher":{"@id":"https:\/\/cordomonte.com\/#organization"},"potentialAction":[{"@type":"SearchAction","target":{"@type":"EntryPoint","urlTemplate":"https:\/\/cordomonte.com\/?s={search_term_string}"},"query-input":"required name=search_term_string"}],"inLanguage":"fr-FR"},{"@type":"Organization","@id":"https:\/\/cordomonte.com\/#organization","name":"Cor do Monte","url":"https:\/\/cordomonte.com\/","logo":{"@type":"ImageObject","inLanguage":"fr-FR","@id":"https:\/\/cordomonte.com\/#\/schema\/logo\/image\/","url":"https:\/\/cordomonte.com\/wp-content\/uploads\/2020\/08\/logo-e1598863345149.png","contentUrl":"https:\/\/cordomonte.com\/wp-content\/uploads\/2020\/08\/logo-e1598863345149.png","width":500,"height":195,"caption":"Cor do Monte"},"image":{"@id":"https:\/\/cordomonte.com\/#\/schema\/logo\/image\/"}}]}},"_links":{"self":[{"href":"https:\/\/cordomonte.com\/fr\/wp-json\/wp\/v2\/pages\/627"}],"collection":[{"href":"https:\/\/cordomonte.com\/fr\/wp-json\/wp\/v2\/pages"}],"about":[{"href":"https:\/\/cordomonte.com\/fr\/wp-json\/wp\/v2\/types\/page"}],"author":[{"embeddable":true,"href":"https:\/\/cordomonte.com\/fr\/wp-json\/wp\/v2\/users\/3"}],"replies":[{"embeddable":true,"href":"https:\/\/cordomonte.com\/fr\/wp-json\/wp\/v2\/comments?post=627"}],"version-history":[{"count":3,"href":"https:\/\/cordomonte.com\/fr\/wp-json\/wp\/v2\/pages\/627\/revisions"}],"predecessor-version":[{"id":1532,"href":"https:\/\/cordomonte.com\/fr\/wp-json\/wp\/v2\/pages\/627\/revisions\/1532"}],"wp:attachment":[{"href":"https:\/\/cordomonte.com\/fr\/wp-json\/wp\/v2\/media?parent=627"}],"curies":[{"name":"wp","href":"https:\/\/api.w.org\/{rel}","templated":true}]}}