{"id":631,"date":"2020-09-04T07:19:49","date_gmt":"2020-09-04T07:19:49","guid":{"rendered":"https:\/\/dev.cordomonte.com\/devolucoes\/"},"modified":"2022-06-21T15:13:45","modified_gmt":"2022-06-21T14:13:45","slug":"retourne","status":"publish","type":"page","link":"https:\/\/cordomonte.com\/fr\/retourne\/","title":{"rendered":"Retourne"},"content":{"rendered":"\n<h2>CONDITIONS DE RETOUR<\/h2>\n\n\n\n<p>1. RETOUR DES PRODUITS D\u00c9FECTUEUX<\/p>\n\n\n\n<p>Le client a le droit de retourner s\u2019il s\u2019av\u00e8re que les produits fournis sont d\u00e9fectueux ou d\u2019autres non-conformit\u00e9s par rapport aux articles command\u00e9s. Le retour peut \u00eatre effectu\u00e9 dans les 30 jours suivant la notification du d\u00e9faut et le produit doit conserver l\u2019\u00e9tiquette d\u2019identification. Le vendeur examinera le produit retourn\u00e9 et informera l\u2019utilisateur du droit de le rembourser (le cas \u00e9ch\u00e9ant). En r\u00e8gle g\u00e9n\u00e9rale, le vendeur effectue un remboursement dans les 10 jours ouvrables et, dans tous les cas, dans les 30 jours \u00e0 compter de la date de confirmation par e-mail du droit de remboursement.<\/p>\n\n\n\n<p>Si le d\u00e9faut ou la non-conformit\u00e9 est confirm\u00e9 comme raison du retour, la totalit\u00e9 du montant pay\u00e9 sera rembours\u00e9e.<\/p>\n\n\n\n<p>Le remboursement du montant pay\u00e9 sera toujours effectu\u00e9 en utilisant le m\u00eame mode de paiement utilis\u00e9 lors de l\u2019achat.<\/p>\n\n\n\n<p>Ces dispositions n\u2019affectent pas vos droits statutaires.<\/p>\n\n\n\n<p>2. RETOUR PAR D\u00c9POSE<\/p>\n\n\n\n<p>Le client peut, s\u2019il n\u2019est pas satisfait des produits fournis, les retourner dans les 30 jours calendaires suivant leur r\u00e9ception. En r\u00e8gle g\u00e9n\u00e9rale, le vendeur effectue un remboursement dans les 10 jours ouvrables et, dans tous les cas, dans les 30 jours \u00e0 compter de la date de confirmation par e-mail du droit de remboursement. Le droit de retour ne fait que si les produits :<\/p>\n\n\n\n<p>Ils n\u2019ont pas \u00e9t\u00e9 lav\u00e9s ou utilis\u00e9s (sauf si le produit contient des informations contraires). Le client a le droit d\u2019essayer les v\u00eatements et les chaussures pour tester la taille et la forme, mais ne peut pas les porter.<\/p>\n\n\n\n<p>Conservez les caract\u00e9ristiques d\u2019origine et l\u2019emballage non endommag\u00e9 (les emballages soigneusement ouverts ne seront pas consid\u00e9r\u00e9s comme endommag\u00e9s).<\/p>\n\n\n\n<p>Soyez complet (p. ex., les deux articles d\u2019une paire doivent \u00eatre retourn\u00e9s).<\/p>\n\n\n\n<p>Ils n\u2019ont pas \u00e9t\u00e9 falsifi\u00e9s et conservent l\u2019\u00e9tiquette d\u2019identification.<\/p>\n\n\n\n<p>3. OFFRES DE RETOUR<\/p>\n\n\n\n<p>Le retour d\u2019un produit offert doit \u00eatre effectu\u00e9 par la personne qui l\u2019a offert\/achet\u00e9. Dans ce cas, pour proc\u00e9der au retour, vous devez contacter la personne qui l\u2019a achet\u00e9, dans le sens o\u00f9 il proc\u00e8de \u00e0 son retour, conform\u00e9ment aux conditions de retour, par d\u00e9faut ou non-conformit\u00e9 ou par r\u00e9tractation.<\/p>\n\n\n\n<p>Si le d\u00e9faut ou la non-conformit\u00e9 est confirm\u00e9 comme raison du retour, la totalit\u00e9 du montant pay\u00e9 sera rembours\u00e9e.<\/p>\n\n\n\n<p>Le remboursement du montant pay\u00e9 sera toujours effectu\u00e9 en utilisant le m\u00eame mode de paiement utilis\u00e9 lors de l\u2019achat.<\/p>\n\n\n\n<p>4. \u00c9CHANGE CONTRE LA TAILLE OU D\u2019AUTRES ARTICLES<\/p>\n\n\n\n<p>Pour \u00e9changer un article contre un autre ou pour \u00e9changer la taille d\u2019un article, veuillez suivre les \u00e9tapes ci-dessous.<\/p>\n\n\n\n<p>Un article ne peut \u00eatre \u00e9chang\u00e9 que contre un autre article de valeur \u00e9gale ou sup\u00e9rieure. En cas d\u2019\u00e9change d\u2019un article contre un autre, toute campagne \/ promotion dans l\u2019achat initial n\u2019est pas maintenue dans l\u2019\u00e9change, sauf indication contraire dans la campagne promotionnelle respective. De cette fa\u00e7on, la campagne \/ promotion ne reste qu\u2019en cas de changement de taille ou de couleur de l\u2019article.<\/p>\n\n\n\n<p>Vos produits ne peuvent \u00eatre \u00e9chang\u00e9s qu\u2019une seule fois. Si, apr\u00e8s l\u2019\u00e9change, la commande n\u2019est pas satisfaite, vous ne pouvez retourner votre commande.<\/p>\n","protected":false},"excerpt":{"rendered":"<p>CONDITIONS DE RETOUR 1. RETOUR DES PRODUITS D\u00c9FECTUEUX Le client a le droit de retourner s\u2019il s\u2019av\u00e8re que les produits fournis sont d\u00e9fectueux ou d\u2019autres non-conformit\u00e9s par rapport aux articles command\u00e9s. Le retour peut \u00eatre effectu\u00e9 dans les 30 jours suivant la notification du d\u00e9faut et le produit doit conserver l\u2019\u00e9tiquette d\u2019identification. Le vendeur examinera [&hellip;]<\/p>\n","protected":false},"author":3,"featured_media":0,"parent":0,"menu_order":9,"comment_status":"closed","ping_status":"closed","template":"page-compacta.php","meta":{"_monsterinsights_skip_tracking":false,"_monsterinsights_sitenote_active":false,"_monsterinsights_sitenote_note":"","_monsterinsights_sitenote_category":0},"yoast_head":"<!-- This site is optimized with the Yoast SEO plugin v19.10 - https:\/\/yoast.com\/wordpress\/plugins\/seo\/ -->\n<title>Retourne - Cor do Monte<\/title>\n<meta name=\"robots\" content=\"index, follow, max-snippet:-1, max-image-preview:large, max-video-preview:-1\" \/>\n<link rel=\"canonical\" href=\"https:\/\/cordomonte.com\/fr\/retourne\/\" \/>\n<meta property=\"og:locale\" content=\"fr_FR\" \/>\n<meta property=\"og:type\" content=\"article\" \/>\n<meta property=\"og:title\" content=\"Retourne - Cor do Monte\" \/>\n<meta property=\"og:description\" content=\"CONDITIONS DE RETOUR 1. RETOUR DES PRODUITS D\u00c9FECTUEUX Le client a le droit de retourner s\u2019il s\u2019av\u00e8re que les produits fournis sont d\u00e9fectueux ou d\u2019autres non-conformit\u00e9s par rapport aux articles command\u00e9s. Le retour peut \u00eatre effectu\u00e9 dans les 30 jours suivant la notification du d\u00e9faut et le produit doit conserver l\u2019\u00e9tiquette d\u2019identification. Le vendeur examinera [&hellip;]\" \/>\n<meta property=\"og:url\" content=\"https:\/\/cordomonte.com\/fr\/retourne\/\" \/>\n<meta property=\"og:site_name\" content=\"Cor do Monte\" \/>\n<meta property=\"article:modified_time\" content=\"2022-06-21T14:13:45+00:00\" \/>\n<meta name=\"twitter:card\" content=\"summary_large_image\" \/>\n<meta name=\"twitter:label1\" content=\"Dur\u00e9e de lecture estim\u00e9e\" \/>\n\t<meta name=\"twitter:data1\" content=\"3 minutes\" \/>\n<script type=\"application\/ld+json\" class=\"yoast-schema-graph\">{\"@context\":\"https:\/\/schema.org\",\"@graph\":[{\"@type\":\"WebPage\",\"@id\":\"https:\/\/cordomonte.com\/fr\/retourne\/\",\"url\":\"https:\/\/cordomonte.com\/fr\/retourne\/\",\"name\":\"Retourne - Cor do Monte\",\"isPartOf\":{\"@id\":\"https:\/\/cordomonte.com\/#website\"},\"datePublished\":\"2020-09-04T07:19:49+00:00\",\"dateModified\":\"2022-06-21T14:13:45+00:00\",\"breadcrumb\":{\"@id\":\"https:\/\/cordomonte.com\/fr\/retourne\/#breadcrumb\"},\"inLanguage\":\"fr-FR\",\"potentialAction\":[{\"@type\":\"ReadAction\",\"target\":[\"https:\/\/cordomonte.com\/fr\/retourne\/\"]}]},{\"@type\":\"BreadcrumbList\",\"@id\":\"https:\/\/cordomonte.com\/fr\/retourne\/#breadcrumb\",\"itemListElement\":[{\"@type\":\"ListItem\",\"position\":1,\"name\":\"In\u00edcio\",\"item\":\"https:\/\/cordomonte.com\/fr\/\"},{\"@type\":\"ListItem\",\"position\":2,\"name\":\"Retourne\"}]},{\"@type\":\"WebSite\",\"@id\":\"https:\/\/cordomonte.com\/#website\",\"url\":\"https:\/\/cordomonte.com\/\",\"name\":\"Cor do Monte\",\"description\":\"Vestu\u00e1rio de Ca\u00e7a\",\"publisher\":{\"@id\":\"https:\/\/cordomonte.com\/#organization\"},\"potentialAction\":[{\"@type\":\"SearchAction\",\"target\":{\"@type\":\"EntryPoint\",\"urlTemplate\":\"https:\/\/cordomonte.com\/?s={search_term_string}\"},\"query-input\":\"required name=search_term_string\"}],\"inLanguage\":\"fr-FR\"},{\"@type\":\"Organization\",\"@id\":\"https:\/\/cordomonte.com\/#organization\",\"name\":\"Cor do Monte\",\"url\":\"https:\/\/cordomonte.com\/\",\"logo\":{\"@type\":\"ImageObject\",\"inLanguage\":\"fr-FR\",\"@id\":\"https:\/\/cordomonte.com\/#\/schema\/logo\/image\/\",\"url\":\"https:\/\/cordomonte.com\/wp-content\/uploads\/2020\/08\/logo-e1598863345149.png\",\"contentUrl\":\"https:\/\/cordomonte.com\/wp-content\/uploads\/2020\/08\/logo-e1598863345149.png\",\"width\":500,\"height\":195,\"caption\":\"Cor do Monte\"},\"image\":{\"@id\":\"https:\/\/cordomonte.com\/#\/schema\/logo\/image\/\"}}]}<\/script>\n<!-- \/ Yoast SEO plugin. -->","yoast_head_json":{"title":"Retourne - Cor do Monte","robots":{"index":"index","follow":"follow","max-snippet":"max-snippet:-1","max-image-preview":"max-image-preview:large","max-video-preview":"max-video-preview:-1"},"canonical":"https:\/\/cordomonte.com\/fr\/retourne\/","og_locale":"fr_FR","og_type":"article","og_title":"Retourne - Cor do Monte","og_description":"CONDITIONS DE RETOUR 1. RETOUR DES PRODUITS D\u00c9FECTUEUX Le client a le droit de retourner s\u2019il s\u2019av\u00e8re que les produits fournis sont d\u00e9fectueux ou d\u2019autres non-conformit\u00e9s par rapport aux articles command\u00e9s. Le retour peut \u00eatre effectu\u00e9 dans les 30 jours suivant la notification du d\u00e9faut et le produit doit conserver l\u2019\u00e9tiquette d\u2019identification. Le vendeur examinera [&hellip;]","og_url":"https:\/\/cordomonte.com\/fr\/retourne\/","og_site_name":"Cor do Monte","article_modified_time":"2022-06-21T14:13:45+00:00","twitter_card":"summary_large_image","twitter_misc":{"Dur\u00e9e de lecture estim\u00e9e":"3 minutes"},"schema":{"@context":"https:\/\/schema.org","@graph":[{"@type":"WebPage","@id":"https:\/\/cordomonte.com\/fr\/retourne\/","url":"https:\/\/cordomonte.com\/fr\/retourne\/","name":"Retourne - Cor do Monte","isPartOf":{"@id":"https:\/\/cordomonte.com\/#website"},"datePublished":"2020-09-04T07:19:49+00:00","dateModified":"2022-06-21T14:13:45+00:00","breadcrumb":{"@id":"https:\/\/cordomonte.com\/fr\/retourne\/#breadcrumb"},"inLanguage":"fr-FR","potentialAction":[{"@type":"ReadAction","target":["https:\/\/cordomonte.com\/fr\/retourne\/"]}]},{"@type":"BreadcrumbList","@id":"https:\/\/cordomonte.com\/fr\/retourne\/#breadcrumb","itemListElement":[{"@type":"ListItem","position":1,"name":"In\u00edcio","item":"https:\/\/cordomonte.com\/fr\/"},{"@type":"ListItem","position":2,"name":"Retourne"}]},{"@type":"WebSite","@id":"https:\/\/cordomonte.com\/#website","url":"https:\/\/cordomonte.com\/","name":"Cor do Monte","description":"Vestu\u00e1rio de Ca\u00e7a","publisher":{"@id":"https:\/\/cordomonte.com\/#organization"},"potentialAction":[{"@type":"SearchAction","target":{"@type":"EntryPoint","urlTemplate":"https:\/\/cordomonte.com\/?s={search_term_string}"},"query-input":"required name=search_term_string"}],"inLanguage":"fr-FR"},{"@type":"Organization","@id":"https:\/\/cordomonte.com\/#organization","name":"Cor do Monte","url":"https:\/\/cordomonte.com\/","logo":{"@type":"ImageObject","inLanguage":"fr-FR","@id":"https:\/\/cordomonte.com\/#\/schema\/logo\/image\/","url":"https:\/\/cordomonte.com\/wp-content\/uploads\/2020\/08\/logo-e1598863345149.png","contentUrl":"https:\/\/cordomonte.com\/wp-content\/uploads\/2020\/08\/logo-e1598863345149.png","width":500,"height":195,"caption":"Cor do Monte"},"image":{"@id":"https:\/\/cordomonte.com\/#\/schema\/logo\/image\/"}}]}},"_links":{"self":[{"href":"https:\/\/cordomonte.com\/fr\/wp-json\/wp\/v2\/pages\/631"}],"collection":[{"href":"https:\/\/cordomonte.com\/fr\/wp-json\/wp\/v2\/pages"}],"about":[{"href":"https:\/\/cordomonte.com\/fr\/wp-json\/wp\/v2\/types\/page"}],"author":[{"embeddable":true,"href":"https:\/\/cordomonte.com\/fr\/wp-json\/wp\/v2\/users\/3"}],"replies":[{"embeddable":true,"href":"https:\/\/cordomonte.com\/fr\/wp-json\/wp\/v2\/comments?post=631"}],"version-history":[{"count":3,"href":"https:\/\/cordomonte.com\/fr\/wp-json\/wp\/v2\/pages\/631\/revisions"}],"predecessor-version":[{"id":1535,"href":"https:\/\/cordomonte.com\/fr\/wp-json\/wp\/v2\/pages\/631\/revisions\/1535"}],"wp:attachment":[{"href":"https:\/\/cordomonte.com\/fr\/wp-json\/wp\/v2\/media?parent=631"}],"curies":[{"name":"wp","href":"https:\/\/api.w.org\/{rel}","templated":true}]}}