{"id":2720,"date":"2022-09-01T03:36:08","date_gmt":"2022-09-01T02:45:07","guid":{"rendered":"https:\/\/cordomonte.com\/?post_type=product&#038;p=2720"},"modified":"2022-09-01T03:45:07","modified_gmt":"2022-09-01T02:45:07","slug":"pantalon-dete-beige","status":"publish","type":"product","link":"https:\/\/cordomonte.com\/fr\/produtos\/pantalon-dete-beige\/","title":{"rendered":"Pantalon d&#8217;\u00e9t\u00e9 beige"},"content":{"rendered":"<p>Pantalon d&#8217;\u00e9t\u00e9 Cor do Monte Beige.<\/p>\n<p>&nbsp;<\/p>\n<p>&nbsp;<\/p>\n<p>.Convient \u00e0:<\/p>\n<p>-Chasse d&#8217;\u00e9t\u00e9;<\/p>\n<p>-Temps Sec.<\/p>\n<p>&nbsp;<\/p>\n<p>&nbsp;<\/p>\n<p>&nbsp;<\/p>\n<p>.Composition:\u00a0 50% Coton \/ 50% Polyester<\/p>\n","protected":false},"excerpt":{"rendered":"<p>Pantalon d&#8217;\u00e9t\u00e9 Cor do Monte Beige. &nbsp; &nbsp; .Convient \u00e0: -Chasse d&#8217;\u00e9t\u00e9; -Temps Sec. &nbsp; &nbsp; &nbsp; .Composition:\u00a0 50% Coton \/ 50% Polyester<\/p>\n","protected":false},"featured_media":2713,"comment_status":"open","ping_status":"closed","template":"","meta":{"_monsterinsights_skip_tracking":false,"_monsterinsights_sitenote_active":false,"_monsterinsights_sitenote_note":"","_monsterinsights_sitenote_category":0},"product_cat":[154],"product_tag":[],"yoast_head":"<!-- This site is optimized with the Yoast SEO plugin v19.10 - https:\/\/yoast.com\/wordpress\/plugins\/seo\/ -->\n<title>Pantalon d&#039;\u00e9t\u00e9 beige - Cor do Monte<\/title>\n<meta name=\"robots\" content=\"index, follow, max-snippet:-1, max-image-preview:large, max-video-preview:-1\" \/>\n<link rel=\"canonical\" href=\"https:\/\/cordomonte.com\/fr\/produtos\/pantalon-dete-beige\/\" \/>\n<meta property=\"og:locale\" content=\"fr_FR\" \/>\n<meta property=\"og:type\" content=\"article\" \/>\n<meta property=\"og:title\" content=\"Pantalon d&#039;\u00e9t\u00e9 beige - Cor do Monte\" \/>\n<meta property=\"og:description\" content=\"Pantalon d&#8217;\u00e9t\u00e9 Cor do Monte Beige. &nbsp; &nbsp; .Convient \u00e0: -Chasse d&#8217;\u00e9t\u00e9; -Temps Sec. &nbsp; &nbsp; &nbsp; .Composition:\u00a0 50% Coton \/ 50% Polyester\" \/>\n<meta property=\"og:url\" content=\"https:\/\/cordomonte.com\/fr\/produtos\/pantalon-dete-beige\/\" \/>\n<meta property=\"og:site_name\" content=\"Cor do Monte\" \/>\n<meta property=\"og:image\" content=\"https:\/\/cordomonte.com\/wp-content\/uploads\/2022\/09\/Cal-1_Front_Cor-do-monte-1.jpg\" \/>\n\t<meta property=\"og:image:width\" content=\"2008\" \/>\n\t<meta property=\"og:image:height\" content=\"2560\" \/>\n\t<meta property=\"og:image:type\" content=\"image\/jpeg\" \/>\n<meta name=\"twitter:card\" content=\"summary_large_image\" \/>\n<meta name=\"twitter:label1\" content=\"Dur\u00e9e de lecture estim\u00e9e\" \/>\n\t<meta name=\"twitter:data1\" content=\"1 minute\" \/>\n<script type=\"application\/ld+json\" class=\"yoast-schema-graph\">{\"@context\":\"https:\/\/schema.org\",\"@graph\":[{\"@type\":\"WebPage\",\"@id\":\"https:\/\/cordomonte.com\/fr\/produtos\/pantalon-dete-beige\/\",\"url\":\"https:\/\/cordomonte.com\/fr\/produtos\/pantalon-dete-beige\/\",\"name\":\"Pantalon d'\u00e9t\u00e9 beige - Cor do Monte\",\"isPartOf\":{\"@id\":\"https:\/\/cordomonte.com\/#website\"},\"datePublished\":\"2022-09-01T02:45:07+00:00\",\"dateModified\":\"2022-09-01T02:45:07+00:00\",\"breadcrumb\":{\"@id\":\"https:\/\/cordomonte.com\/fr\/produtos\/pantalon-dete-beige\/#breadcrumb\"},\"inLanguage\":\"fr-FR\",\"potentialAction\":[{\"@type\":\"ReadAction\",\"target\":[\"https:\/\/cordomonte.com\/fr\/produtos\/pantalon-dete-beige\/\"]}]},{\"@type\":\"BreadcrumbList\",\"@id\":\"https:\/\/cordomonte.com\/fr\/produtos\/pantalon-dete-beige\/#breadcrumb\",\"itemListElement\":[{\"@type\":\"ListItem\",\"position\":1,\"name\":\"In\u00edcio\",\"item\":\"https:\/\/cordomonte.com\/fr\/\"},{\"@type\":\"ListItem\",\"position\":2,\"name\":\"Magasin\",\"item\":\"https:\/\/cordomonte.com\/fr\/magasin\/\"},{\"@type\":\"ListItem\",\"position\":3,\"name\":\"Pantalon d&#8217;\u00e9t\u00e9 beige\"}]},{\"@type\":\"WebSite\",\"@id\":\"https:\/\/cordomonte.com\/#website\",\"url\":\"https:\/\/cordomonte.com\/\",\"name\":\"Cor do Monte\",\"description\":\"Vestu\u00e1rio de Ca\u00e7a\",\"publisher\":{\"@id\":\"https:\/\/cordomonte.com\/#organization\"},\"potentialAction\":[{\"@type\":\"SearchAction\",\"target\":{\"@type\":\"EntryPoint\",\"urlTemplate\":\"https:\/\/cordomonte.com\/?s={search_term_string}\"},\"query-input\":\"required name=search_term_string\"}],\"inLanguage\":\"fr-FR\"},{\"@type\":\"Organization\",\"@id\":\"https:\/\/cordomonte.com\/#organization\",\"name\":\"Cor do Monte\",\"url\":\"https:\/\/cordomonte.com\/\",\"logo\":{\"@type\":\"ImageObject\",\"inLanguage\":\"fr-FR\",\"@id\":\"https:\/\/cordomonte.com\/#\/schema\/logo\/image\/\",\"url\":\"https:\/\/cordomonte.com\/wp-content\/uploads\/2020\/08\/logo-e1598863345149.png\",\"contentUrl\":\"https:\/\/cordomonte.com\/wp-content\/uploads\/2020\/08\/logo-e1598863345149.png\",\"width\":500,\"height\":195,\"caption\":\"Cor do Monte\"},\"image\":{\"@id\":\"https:\/\/cordomonte.com\/#\/schema\/logo\/image\/\"}}]}<\/script>\n<!-- \/ Yoast SEO plugin. -->","yoast_head_json":{"title":"Pantalon d'\u00e9t\u00e9 beige - Cor do Monte","robots":{"index":"index","follow":"follow","max-snippet":"max-snippet:-1","max-image-preview":"max-image-preview:large","max-video-preview":"max-video-preview:-1"},"canonical":"https:\/\/cordomonte.com\/fr\/produtos\/pantalon-dete-beige\/","og_locale":"fr_FR","og_type":"article","og_title":"Pantalon d'\u00e9t\u00e9 beige - Cor do Monte","og_description":"Pantalon d&#8217;\u00e9t\u00e9 Cor do Monte Beige. &nbsp; &nbsp; .Convient \u00e0: -Chasse d&#8217;\u00e9t\u00e9; -Temps Sec. &nbsp; &nbsp; &nbsp; .Composition:\u00a0 50% Coton \/ 50% Polyester","og_url":"https:\/\/cordomonte.com\/fr\/produtos\/pantalon-dete-beige\/","og_site_name":"Cor do Monte","og_image":[{"width":2008,"height":2560,"url":"https:\/\/cordomonte.com\/wp-content\/uploads\/2022\/09\/Cal-1_Front_Cor-do-monte-1.jpg","type":"image\/jpeg"}],"twitter_card":"summary_large_image","twitter_misc":{"Dur\u00e9e de lecture estim\u00e9e":"1 minute"},"schema":{"@context":"https:\/\/schema.org","@graph":[{"@type":"WebPage","@id":"https:\/\/cordomonte.com\/fr\/produtos\/pantalon-dete-beige\/","url":"https:\/\/cordomonte.com\/fr\/produtos\/pantalon-dete-beige\/","name":"Pantalon d'\u00e9t\u00e9 beige - Cor do Monte","isPartOf":{"@id":"https:\/\/cordomonte.com\/#website"},"datePublished":"2022-09-01T02:45:07+00:00","dateModified":"2022-09-01T02:45:07+00:00","breadcrumb":{"@id":"https:\/\/cordomonte.com\/fr\/produtos\/pantalon-dete-beige\/#breadcrumb"},"inLanguage":"fr-FR","potentialAction":[{"@type":"ReadAction","target":["https:\/\/cordomonte.com\/fr\/produtos\/pantalon-dete-beige\/"]}]},{"@type":"BreadcrumbList","@id":"https:\/\/cordomonte.com\/fr\/produtos\/pantalon-dete-beige\/#breadcrumb","itemListElement":[{"@type":"ListItem","position":1,"name":"In\u00edcio","item":"https:\/\/cordomonte.com\/fr\/"},{"@type":"ListItem","position":2,"name":"Magasin","item":"https:\/\/cordomonte.com\/fr\/magasin\/"},{"@type":"ListItem","position":3,"name":"Pantalon d&#8217;\u00e9t\u00e9 beige"}]},{"@type":"WebSite","@id":"https:\/\/cordomonte.com\/#website","url":"https:\/\/cordomonte.com\/","name":"Cor do Monte","description":"Vestu\u00e1rio de Ca\u00e7a","publisher":{"@id":"https:\/\/cordomonte.com\/#organization"},"potentialAction":[{"@type":"SearchAction","target":{"@type":"EntryPoint","urlTemplate":"https:\/\/cordomonte.com\/?s={search_term_string}"},"query-input":"required name=search_term_string"}],"inLanguage":"fr-FR"},{"@type":"Organization","@id":"https:\/\/cordomonte.com\/#organization","name":"Cor do Monte","url":"https:\/\/cordomonte.com\/","logo":{"@type":"ImageObject","inLanguage":"fr-FR","@id":"https:\/\/cordomonte.com\/#\/schema\/logo\/image\/","url":"https:\/\/cordomonte.com\/wp-content\/uploads\/2020\/08\/logo-e1598863345149.png","contentUrl":"https:\/\/cordomonte.com\/wp-content\/uploads\/2020\/08\/logo-e1598863345149.png","width":500,"height":195,"caption":"Cor do Monte"},"image":{"@id":"https:\/\/cordomonte.com\/#\/schema\/logo\/image\/"}}]}},"_links":{"self":[{"href":"https:\/\/cordomonte.com\/fr\/wp-json\/wp\/v2\/product\/2720"}],"collection":[{"href":"https:\/\/cordomonte.com\/fr\/wp-json\/wp\/v2\/product"}],"about":[{"href":"https:\/\/cordomonte.com\/fr\/wp-json\/wp\/v2\/types\/product"}],"replies":[{"embeddable":true,"href":"https:\/\/cordomonte.com\/fr\/wp-json\/wp\/v2\/comments?post=2720"}],"wp:featuredmedia":[{"embeddable":true,"href":"https:\/\/cordomonte.com\/fr\/wp-json\/wp\/v2\/media\/2713"}],"wp:attachment":[{"href":"https:\/\/cordomonte.com\/fr\/wp-json\/wp\/v2\/media?parent=2720"}],"wp:term":[{"taxonomy":"product_cat","embeddable":true,"href":"https:\/\/cordomonte.com\/fr\/wp-json\/wp\/v2\/product_cat?post=2720"},{"taxonomy":"product_tag","embeddable":true,"href":"https:\/\/cordomonte.com\/fr\/wp-json\/wp\/v2\/product_tag?post=2720"}],"curies":[{"name":"wp","href":"https:\/\/api.w.org\/{rel}","templated":true}]}}